{"id":109,"date":"2024-02-15T16:26:10","date_gmt":"2024-02-15T16:26:10","guid":{"rendered":"http:\/\/bfx.xwj.temporary.site\/?page_id=109"},"modified":"2025-01-16T13:06:41","modified_gmt":"2025-01-16T12:06:41","slug":"109-2","status":"publish","type":"page","link":"https:\/\/turnthepage.ch\/fr\/109-2\/","title":{"rendered":"Qui Sommes-Nous\u202f?"},"content":{"rendered":"<div class=\"wp-block-cover alignfull is-light\" style=\"margin-top:0;margin-bottom:0;padding-top:5%;padding-bottom:0px\"><span aria-hidden=\"true\" class=\"wp-block-cover__background has-white-background-color has-background-dim-100 has-background-dim\"><\/span><div class=\"wp-block-cover__inner-container is-layout-flow wp-block-cover-is-layout-flow\">\n<h2 class=\"wp-block-heading has-text-align-center has-central-palette-1-color has-text-color has-link-color wp-elements-990b3c6e468a508ae1c35fb337456824\" style=\"margin-top:0;margin-right:0;margin-bottom:0;margin-left:0;padding-top:0;padding-right:0;padding-bottom:0;padding-left:0;font-size:clamp(31.609px, 1.976rem + ((1vw - 3.2px) * 2.772), 56px);line-height:1.2\">Wendy, fondatrice de \u00ab Turn the Page \u00bb<\/h2>\n\n\n\n<div class=\"wp-block-columns are-vertically-aligned-top has-base-background-color has-background is-layout-flex wp-container-core-columns-is-layout-6a34ae2a wp-block-columns-is-layout-flex\">\n<div class=\"wp-block-column is-vertically-aligned-top is-layout-flow wp-block-column-is-layout-flow\" style=\"flex-basis:50%\">\n<p class=\"has-central-palette-1-color has-text-color has-link-color wp-elements-bbdc4cb5bf9323713b4fcc99605dc9bb\">N\u00e9e au Royaume-Uni dans les ann\u00e9es 70, depuis mon plus jeune \u00e2ge, j'ai toujours \u00e9t\u00e9 en qu\u00eate de la sc\u00e8ne, que ce soit pour chanter ou jouer ! Apr\u00e8s avoir commenc\u00e9 des cours d'art dramatique le week-end quand j'avais 10 ans, je me suis ensuite mise \u00e0 jouer et \u00e0 chanter dans des productions scolaires, et \u00e0 16 ans, j'ai rejoint ma soci\u00e9t\u00e9 locale de th\u00e9\u00e2tre amateur pour adultes, le point culminant pour moi \u00e9tant \u00ab Cabaret \u00bb.<\/p>\n\n\n\n<p class=\"has-central-palette-1-color has-text-color has-link-color wp-elements-ca1ea0436c07039268a11036946438db\">J'ai obtenu mon baccalaur\u00e9at sp\u00e9cialis\u00e9 en BA Hons en theatre et m\u00e9dias dans le sud du Pays de Galles, o\u00f9 j'ai non seulement aim\u00e9 jouer, mais aussi d\u00e9couvrir de nombreux aspects du cin\u00e9ma et du th\u00e9\u00e2tre, notamment la mise en sc\u00e8ne, la conception de costumes et l'\u00e9criture de sc\u00e9narios. Ces comp\u00e9tences m'ont permis de diversifier les types d\u2019ateliers d\u2019 art dramatique que je propose.<\/p>\n\n\n\n<p class=\"has-central-palette-1-color has-text-color has-link-color wp-elements-85cda4659daf80824859e8ba43a1ad1f\">Apr\u00e8s avoir termin\u00e9 mon PGCE (dipl\u00f4me p\u00e9dagogique) \u00e0 Cambridge, je me suis lanc\u00e9e dans l'enseignement aupr\u00e8s d'\u00e9l\u00e8ves ayant des besoins sp\u00e9ciaux, ce qui impliquait d'\u00eatre \u00ab sur sc\u00e8ne \u00bb.<\/p>\n\n\n\n<p class=\"has-central-palette-1-color has-text-color has-link-color wp-elements-9c36fe4c227ad4539b02469ec5538883\">Depuis 2011 o\u00f9 j'ai d\u00e9m\u00e9nag\u00e9 en Suisse, j'ai enseign\u00e9 l'anglais dans les \u00e9coles et l\u2019art dramatique pendant mon temps libre, aux enfants et aux adultes, en anglais et en fran\u00e7ais.<\/p>\n\n\n\n<p class=\"has-central-palette-1-color has-text-color has-link-color wp-elements-8a6887cc032b705175027f8fa9f25ff3\">Mais moi en tant que professeur, je n'a pas peur d'\u00eatre \u00e9l\u00e8ve\u2026 Je suis active dans 2 troupes de th\u00e9\u00e2tre locales, o\u00f9 j'ai jou\u00e9, chant\u00e9 et j\u2019\u00e9tais productrice. Je suis une passionn\u00e9e de karaoke et je n'ai jamais peur de prendre le micro !<\/p>\n<\/div>\n\n\n\n<div class=\"wp-block-column is-vertically-aligned-top is-layout-flow wp-block-column-is-layout-flow\">\n<figure class=\"wp-block-image size-full has-custom-border\"><img loading=\"lazy\" decoding=\"async\" width=\"2560\" height=\"1920\" src=\"https:\/\/turnthepage.ch\/wp-content\/uploads\/2024\/03\/headshot-scaled.jpg\" alt=\"\" class=\"has-border-color has-central-palette-6-border-color wp-image-226\" style=\"border-width:3px;border-top-left-radius:50%;border-top-right-radius:50%;aspect-ratio:1;object-fit:cover\" srcset=\"https:\/\/turnthepage.ch\/wp-content\/uploads\/2024\/03\/headshot-scaled.jpg 2560w, https:\/\/turnthepage.ch\/wp-content\/uploads\/2024\/03\/headshot-300x225.jpg 300w, https:\/\/turnthepage.ch\/wp-content\/uploads\/2024\/03\/headshot-1024x768.jpg 1024w, https:\/\/turnthepage.ch\/wp-content\/uploads\/2024\/03\/headshot-768x576.jpg 768w, https:\/\/turnthepage.ch\/wp-content\/uploads\/2024\/03\/headshot-1536x1152.jpg 1536w, https:\/\/turnthepage.ch\/wp-content\/uploads\/2024\/03\/headshot-2048x1536.jpg 2048w\" sizes=\"auto, (max-width: 2560px) 100vw, 2560px\" \/><\/figure>\n\n\n\n<h5 class=\"wp-block-heading has-text-align-left has-central-palette-6-color has-text-color has-link-color wp-elements-5ab0c6b6da82978952de97e6896eb5be\" style=\"margin-top:60px;font-size:clamp(17.905px, 1.119rem + ((1vw - 3.2px) * 1.147), 28px);font-style:normal;font-weight:400;line-height:1.1;text-transform:capitalize\">Mon approche de l'enseignement <\/h5>\n\n\n\n<ul class=\"wp-block-list has-central-palette-1-color has-text-color has-link-color has-medium-font-size wp-elements-95e509fa25cb00fd044a358c42091874\">\n<li><strong>professionnelle<\/strong>, mais pas stricte<\/li>\n\n\n\n<li><strong>amusante<\/strong>, mais pas chaotique<\/li>\n\n\n\n<li><strong>solidaire<\/strong>, sans \u00eatre autoritaire<\/li>\n\n\n\n<li><strong>respectueuse<\/strong>, mais pas humiliante<\/li>\n<\/ul>\n<\/div>\n<\/div>\n\n\n\n<div style=\"height:50px\" aria-hidden=\"true\" class=\"wp-block-spacer\"><\/div>\n<\/div><\/div>","protected":false},"excerpt":{"rendered":"","protected":false},"author":2,"featured_media":0,"parent":0,"menu_order":0,"comment_status":"closed","ping_status":"closed","template":"","meta":{"footnotes":""},"class_list":["post-109","page","type-page","status-publish","hentry"],"_links":{"self":[{"href":"https:\/\/turnthepage.ch\/fr\/wp-json\/wp\/v2\/pages\/109","targetHints":{"allow":["GET"]}}],"collection":[{"href":"https:\/\/turnthepage.ch\/fr\/wp-json\/wp\/v2\/pages"}],"about":[{"href":"https:\/\/turnthepage.ch\/fr\/wp-json\/wp\/v2\/types\/page"}],"author":[{"embeddable":true,"href":"https:\/\/turnthepage.ch\/fr\/wp-json\/wp\/v2\/users\/2"}],"replies":[{"embeddable":true,"href":"https:\/\/turnthepage.ch\/fr\/wp-json\/wp\/v2\/comments?post=109"}],"version-history":[{"count":20,"href":"https:\/\/turnthepage.ch\/fr\/wp-json\/wp\/v2\/pages\/109\/revisions"}],"predecessor-version":[{"id":578,"href":"https:\/\/turnthepage.ch\/fr\/wp-json\/wp\/v2\/pages\/109\/revisions\/578"}],"wp:attachment":[{"href":"https:\/\/turnthepage.ch\/fr\/wp-json\/wp\/v2\/media?parent=109"}],"curies":[{"name":"wp","href":"https:\/\/api.w.org\/{rel}","templated":true}]}}