{"id":31,"date":"2024-02-15T14:13:27","date_gmt":"2024-02-15T14:13:27","guid":{"rendered":"http:\/\/bfx.xwj.temporary.site\/?page_id=31"},"modified":"2025-02-24T13:11:20","modified_gmt":"2025-02-24T12:11:20","slug":"home","status":"publish","type":"page","link":"https:\/\/turnthepage.ch\/fr\/","title":{"rendered":"Page Principale"},"content":{"rendered":"<div class=\"wp-block-cover alignfull is-light has-contrast-color has-text-color wp-elements-51288b36753214b12f2f5c727954d470\" style=\"border-style:none;border-width:0px;margin-top:0;margin-bottom:0;padding-top:0px;padding-bottom:0px;min-height:235px;aspect-ratio:unset;\"><span aria-hidden=\"true\" class=\"wp-block-cover__background has-base-background-color has-background-dim\"><\/span><div class=\"wp-block-cover__inner-container is-layout-flow wp-block-cover-is-layout-flow\">\n<h1 class=\"wp-block-heading has-text-align-center\" style=\"font-size:clamp(50.171px, 3.136rem + ((1vw - 3.2px) * 5.662), 100px);\"><span style=\"text-decoration: underline;\">Turn the Page<\/span><\/h1>\n<\/div><\/div>\n\n\n\n<div class=\"wp-block-cover alignfull is-light has-contrast-color has-text-color wp-elements-c89a3fc69f4320f27df0327e2923e815\" style=\"margin-top:0;margin-bottom:0;padding-top:80px;padding-bottom:80px\"><span aria-hidden=\"true\" class=\"wp-block-cover__background has-base-background-color has-background-dim\"><\/span><div class=\"wp-block-cover__inner-container has-global-padding is-layout-constrained wp-container-core-cover-is-layout-e356fc55 wp-block-cover-is-layout-constrained\">\n<div class=\"wp-block-columns is-layout-flex wp-container-core-columns-is-layout-c2d6fa21 wp-block-columns-is-layout-flex\">\n<div class=\"wp-block-column is-layout-flow wp-block-column-is-layout-flow\" style=\"flex-basis:50%\">\n<figure class=\"wp-block-image size-full has-custom-border\"><img loading=\"lazy\" decoding=\"async\" width=\"675\" height=\"675\" src=\"https:\/\/turnthepage.ch\/wp-content\/uploads\/2024\/02\/fixhamish-kale-oj0gsj-Zt_w-unsplash-edited.jpg\" alt=\"\" class=\"has-border-color wp-image-94\" style=\"border-color:#000000;border-width:3px;border-top-left-radius:50%;border-top-right-radius:50%;object-fit:cover\" srcset=\"https:\/\/turnthepage.ch\/wp-content\/uploads\/2024\/02\/fixhamish-kale-oj0gsj-Zt_w-unsplash-edited.jpg 675w, https:\/\/turnthepage.ch\/wp-content\/uploads\/2024\/02\/fixhamish-kale-oj0gsj-Zt_w-unsplash-edited-300x300.jpg 300w, https:\/\/turnthepage.ch\/wp-content\/uploads\/2024\/02\/fixhamish-kale-oj0gsj-Zt_w-unsplash-edited-150x150.jpg 150w\" sizes=\"auto, (max-width: 675px) 100vw, 675px\" \/><\/figure>\n<\/div>\n\n\n\n<div class=\"wp-block-column is-vertically-aligned-bottom is-layout-flow wp-block-column-is-layout-flow\">\n<h2 class=\"wp-block-heading is-style-default has-contrast-color has-text-color has-link-color wp-elements-8cbccd1dd72dc883230d153cc319f48d\" style=\"margin-top:0px;font-size:clamp(38.682px, 2.418rem + ((1vw - 3.2px) * 3.786), 72px);font-style:normal;font-weight:400;line-height:1;text-transform:none\">Le monde entier est une sc\u00e8ne \u2026 <\/h2>\n\n\n\n<p class=\"has-text-align-center has-contrast-color has-text-color has-link-color wp-elements-fe680a78e782f2cdf7ca473f7b941bdf\" id=\"bl0Y6mg5fPRFRNL8\" style=\"font-size:clamp(15.747px, 0.984rem + ((1vw - 3.2px) * 0.938), 24px);\">Croyons au pouvoir de la performance pour transformer les vies\u00a0!<\/p>\n\n\n\n<p class=\"has-text-align-center has-contrast-color has-text-color\" style=\"margin-top:28px;font-size:clamp(14px, 0.875rem + ((1vw - 3.2px) * 0.682), 20px);line-height:1.4\">Mes cours combinent l'art de la narration et la dynamique th\u00e9\u00e2trale pour lib\u00e9rer la confiance en soi et la coh\u00e9sion d'\u00e9quipe. Que ce soit par le biais d\u2019ateliers de groupes pleins de rires ou de coaching personnel, nous nous engageons \u00e0 favoriser la confiance en soi. Rejoignez-nous et vivez la magie de la transformation.<\/p>\n\n\n\n<div class=\"wp-block-buttons is-layout-flex wp-block-buttons-is-layout-flex\" style=\"margin-top:88px\">\n<div class=\"wp-block-button has-custom-font-size is-style-fill\" style=\"font-size:clamp(14px, 0.875rem + ((1vw - 3.2px) * 0.568), 19px);font-style:normal;font-weight:500\"><a class=\"wp-block-button__link has-base-2-color has-contrast-background-color has-text-color has-background has-link-color has-border-color has-central-palette-7-border-color wp-element-button\" href=\"https:\/\/turnthepage.ch\/fr\/contact\/\" style=\"border-width:3px;border-radius:30px;padding-top:12px;padding-right:40px;padding-bottom:12px;padding-left:40px\">Start Now<\/a><\/div>\n<\/div>\n<\/div>\n<\/div>\n<\/div><\/div>\n\n\n\n<div class=\"wp-block-cover alignfull is-light has-contrast-color has-text-color has-link-color wp-elements-11db638ccffdd7ed5149f94582fdc8c0\" style=\"margin-top:0;margin-bottom:0;padding-top:80px;padding-bottom:180px;min-height:1093px;aspect-ratio:unset;\"><span aria-hidden=\"true\" class=\"wp-block-cover__background has-base-background-color has-background-dim-100 has-background-dim\"><\/span><div class=\"wp-block-cover__inner-container has-global-padding is-layout-constrained wp-container-core-cover-is-layout-dc9a07b7 wp-block-cover-is-layout-constrained\">\n<h2 class=\"wp-block-heading has-text-align-center has-contrast-color has-text-color has-link-color wp-elements-22077635edf465eaa1e1ff81c21be5af\" style=\"font-size:clamp(33.419px, 2.089rem + ((1vw - 3.2px) * 3.021), 60px);font-style:normal;font-weight:400;line-height:1.2\">Nos services<\/h2>\n\n\n\n<div class=\"wp-block-columns is-layout-flex wp-container-core-columns-is-layout-f5f94c8a wp-block-columns-is-layout-flex\" style=\"margin-top:36px\">\n<div class=\"wp-block-column is-layout-flow wp-block-column-is-layout-flow\">\n<div class=\"wp-block-group has-border-color has-central-palette-6-border-color has-contrast-color has-central-palette-2-background-color has-text-color has-background has-link-color wp-elements-5905a6f334a0f7e53b839f88e8ab29ae is-vertical is-content-justification-center is-layout-flex wp-container-core-group-is-layout-e79331a7 wp-block-group-is-layout-flex\" style=\"border-width:3px;border-radius:74px;padding-top:32px;padding-right:32px;padding-bottom:32px;padding-left:32px\">\n<figure class=\"wp-block-image size-full has-custom-border\"><img loading=\"lazy\" decoding=\"async\" width=\"2560\" height=\"1707\" src=\"https:\/\/turnthepage.ch\/wp-content\/uploads\/2024\/03\/pexels-cottonbro-studio-6896179-scaled.jpg\" alt=\"\" class=\"wp-image-218\" style=\"border-radius:50px;aspect-ratio:1;object-fit:cover\" srcset=\"https:\/\/turnthepage.ch\/wp-content\/uploads\/2024\/03\/pexels-cottonbro-studio-6896179-scaled.jpg 2560w, https:\/\/turnthepage.ch\/wp-content\/uploads\/2024\/03\/pexels-cottonbro-studio-6896179-300x200.jpg 300w, https:\/\/turnthepage.ch\/wp-content\/uploads\/2024\/03\/pexels-cottonbro-studio-6896179-1024x683.jpg 1024w, https:\/\/turnthepage.ch\/wp-content\/uploads\/2024\/03\/pexels-cottonbro-studio-6896179-768x512.jpg 768w, https:\/\/turnthepage.ch\/wp-content\/uploads\/2024\/03\/pexels-cottonbro-studio-6896179-1536x1024.jpg 1536w, https:\/\/turnthepage.ch\/wp-content\/uploads\/2024\/03\/pexels-cottonbro-studio-6896179-2048x1365.jpg 2048w\" sizes=\"auto, (max-width: 2560px) 100vw, 2560px\" \/><\/figure>\n\n\n\n<p class=\"has-text-align-center has-contrast-color has-text-color\" style=\"margin-top:40px;font-size:clamp(14px, 0.875rem + ((1vw - 3.2px) * 0.455), 18px);line-height:1.1;text-transform:uppercase\">dynamique de groupe<\/p>\n\n\n\n<h3 class=\"wp-block-heading has-text-align-center has-contrast-color has-text-color has-link-color wp-elements-e39930418ef5f3c503e79190ea15e5b4\" style=\"margin-top:16px;font-size:clamp(16.293px, 1.018rem + ((1vw - 3.2px) * 0.989), 25px);font-style:normal;font-weight:700;line-height:1.1\">Ateliers de groupe<\/h3>\n\n\n\n<div style=\"height:12px\" aria-hidden=\"true\" class=\"wp-block-spacer wp-container-content-cc4259ba\"><\/div>\n\n\n\n<p class=\"has-contrast-color has-text-color has-link-color wp-elements-e1ef41b41aa898cfe192db7dd4ed7c13\">\u2013 Clubs de th\u00e9\u00e2tre pour enfants<\/p>\n\n\n\n<p class=\"has-contrast-color has-text-color has-link-color wp-elements-eb6049b3c251e2ad90054bdcfef300ec\">\u2013 Ateliers pour adultes<\/p>\n\n\n\n<p class=\"has-text-align-center has-contrast-color has-text-color has-link-color wp-elements-253fcf84bf42a2eb1bcd86b3fa3201f6\">\u2013 Team building pour les \u00e9coles &amp; les entreprises<\/p>\n<\/div>\n<\/div>\n\n\n\n<div class=\"wp-block-column is-layout-flow wp-block-column-is-layout-flow\">\n<div class=\"wp-block-group has-border-color has-central-palette-6-border-color has-contrast-color has-central-palette-2-background-color has-text-color has-background has-link-color wp-elements-65beaf6e4983bab4b82bfc3c33bca173 is-vertical is-content-justification-center is-layout-flex wp-container-core-group-is-layout-e79331a7 wp-block-group-is-layout-flex\" style=\"border-width:3px;border-radius:74px;padding-top:32px;padding-right:32px;padding-bottom:32px;padding-left:32px\">\n<figure class=\"wp-block-image size-full has-custom-border\"><img decoding=\"async\" src=\"https:\/\/turnthepage.ch\/wp-content\/uploads\/2024\/04\/pexels-saulo-leite-18155154-scaled.jpg\" alt=\"\" class=\"wp-image-312\" style=\"border-radius:50px;aspect-ratio:1;object-fit:cover\"\/><\/figure>\n\n\n\n<p class=\"has-text-align-center has-contrast-color has-text-color\" style=\"margin-top:40px;font-size:clamp(14px, 0.875rem + ((1vw - 3.2px) * 0.455), 18px);line-height:1.1;text-transform:uppercase\">Cours individuels<\/p>\n\n\n\n<h3 class=\"wp-block-heading has-text-align-center has-contrast-color has-text-color has-link-color wp-elements-87d3ce1a69dc6c3e3f7037e785f0481e\" style=\"margin-top:16px;font-size:clamp(16.293px, 1.018rem + ((1vw - 3.2px) * 0.989), 25px);font-style:normal;font-weight:700;line-height:1.1\">Coaching en art oratoire<\/h3>\n\n\n\n<div style=\"height:12px\" aria-hidden=\"true\" class=\"wp-block-spacer wp-container-content-cc4259ba\"><\/div>\n\n\n\n<p class=\"has-text-align-center\">- Am\u00e9liorer vos comp\u00e9tences en mati\u00e8re de pr\u00e9sentation<\/p>\n\n\n\n<p>- Progresser dans la prise de parole en public<\/p>\n\n\n\n<p>- Coaching vocal \/ chant<\/p>\n<\/div>\n<\/div>\n\n\n\n<div class=\"wp-block-column is-layout-flow wp-block-column-is-layout-flow\">\n<div class=\"wp-block-group has-border-color has-central-palette-6-border-color has-contrast-color has-central-palette-2-background-color has-text-color has-background has-link-color wp-elements-44eb0bb1391d87d5ce7559b572c58aca is-vertical is-content-justification-center is-layout-flex wp-container-core-group-is-layout-e79331a7 wp-block-group-is-layout-flex\" style=\"border-width:3px;border-radius:74px;padding-top:32px;padding-right:32px;padding-bottom:32px;padding-left:32px\">\n<figure class=\"wp-block-image size-full has-custom-border\"><img loading=\"lazy\" decoding=\"async\" width=\"1080\" height=\"1920\" src=\"https:\/\/turnthepage.ch\/wp-content\/uploads\/2024\/04\/SHMS_drama_class-wendy-answers-a-question.jpg\" alt=\"\" class=\"wp-image-455\" style=\"border-radius:50px;aspect-ratio:1;object-fit:cover\" srcset=\"https:\/\/turnthepage.ch\/wp-content\/uploads\/2024\/04\/SHMS_drama_class-wendy-answers-a-question.jpg 1080w, https:\/\/turnthepage.ch\/wp-content\/uploads\/2024\/04\/SHMS_drama_class-wendy-answers-a-question-169x300.jpg 169w, https:\/\/turnthepage.ch\/wp-content\/uploads\/2024\/04\/SHMS_drama_class-wendy-answers-a-question-576x1024.jpg 576w, https:\/\/turnthepage.ch\/wp-content\/uploads\/2024\/04\/SHMS_drama_class-wendy-answers-a-question-768x1365.jpg 768w, https:\/\/turnthepage.ch\/wp-content\/uploads\/2024\/04\/SHMS_drama_class-wendy-answers-a-question-864x1536.jpg 864w\" sizes=\"auto, (max-width: 1080px) 100vw, 1080px\" \/><\/figure>\n\n\n\n<p class=\"has-text-align-center has-contrast-color has-text-color\" style=\"margin-top:40px;font-size:clamp(14px, 0.875rem + ((1vw - 3.2px) * 0.455), 18px);line-height:1.1;text-transform:uppercase\">Enrichissement p\u00e9dagogique&nbsp;<\/p>\n\n\n\n<h3 class=\"wp-block-heading has-text-align-center has-contrast-color has-text-color has-link-color wp-elements-b3101dd64bfa49d215529bcf669736c0\" style=\"margin-top:16px;font-size:clamp(16.293px, 1.018rem + ((1vw - 3.2px) * 0.989), 25px);font-style:normal;font-weight:700;line-height:1.1\">Educational Workshop<\/h3>\n\n\n\n<div style=\"height:12px\" aria-hidden=\"true\" class=\"wp-block-spacer wp-container-content-cc4259ba\"><\/div>\n\n\n\n<p class=\"wp-container-content-9cfa9a5a\">- Ateliers pour les \u00e9coles h\u00f4teli\u00e8res<\/p>\n\n\n\n<p>- Clubs parascolaires<\/p>\n\n\n\n<p>- Soutien aux programmes p\u00e9dagogiques<\/p>\n<\/div>\n<\/div>\n<\/div>\n\n\n\n<div class=\"wp-block-buttons alignwide is-content-justification-center is-layout-flex wp-container-core-buttons-is-layout-a89b3969 wp-block-buttons-is-layout-flex\">\n<div class=\"wp-block-button has-custom-font-size is-style-outline has-large-font-size is-style-outline--1\"><a class=\"wp-block-button__link has-base-2-color has-contrast-background-color has-text-color has-background has-link-color has-border-color has-central-palette-7-border-color wp-element-button\" href=\"https:\/\/turnthepage.ch\/fr\/107-2\/\" style=\"border-width:5px;border-radius:10px\">Plus...<\/a><\/div>\n<\/div>\n<\/div><\/div>\n\n\n\n<div class=\"wp-block-cover alignfull is-light has-central-palette-1-color has-text-color wp-elements-bb36fb7881099b9f0c5f0002f70a51aa\" style=\"margin-top:0;margin-bottom:0;padding-top:80px;padding-bottom:80px;min-height:724px;aspect-ratio:unset;\"><span aria-hidden=\"true\" class=\"wp-block-cover__background has-central-palette-2-background-color has-background-dim-100 has-background-dim\"><\/span><div class=\"wp-block-cover__inner-container has-global-padding is-layout-constrained wp-container-core-cover-is-layout-e356fc55 wp-block-cover-is-layout-constrained\">\n<h2 class=\"wp-block-heading has-text-align-center has-contrast-color has-text-color\" style=\"padding-right:0rem;padding-bottom:0;font-size:clamp(33.419px, 2.089rem + ((1vw - 3.2px) * 3.021), 60px);font-style:normal;font-weight:400;line-height:1.2\">T\u00e9moignages<\/h2>\n\n\n\n<div class=\"wp-block-columns alignwide is-layout-flex wp-container-core-columns-is-layout-dab8da8d wp-block-columns-is-layout-flex\">\n<div class=\"wp-block-column is-vertically-aligned-stretch is-layout-flow wp-block-column-is-layout-flow\" style=\"flex-basis:100%\">\n<blockquote class=\"wp-block-quote is-layout-flow wp-block-quote-is-layout-flow\">\n<p>&#8220;Wendy\u2019s coaching for my job interview in French was very helpful. She could instinctively feel the situation as we role-played the interview. Thanks to her questioning and insight into the job, I could prepare a good presentation. I could not have done this alone because I was missing key points. Wendy gave appropriate points of view which enabled me to be very prepared for questions during the interview. I felt lifted up and full of self confidence on the day and also successfully got the job!<\/p>\n<cite><strong>Lise&nbsp;\u2013 Adult Drama Group<\/strong><blockquote class=\"wp-block-quote is-layout-flow wp-block-quote-is-layout-flow\" style=\"white-space: normal; margin-block: 1.5rem 0px; font-family: Milonga; font-size: 18px; font-variant-ligatures: normal; orphans: 2; widows: 2; text-decoration-thickness: initial; text-decoration-style: initial; text-decoration-color: initial;\"><\/blockquote><\/cite><\/blockquote>\n\n\n\n<blockquote class=\"wp-block-quote is-layout-flow wp-block-quote-is-layout-flow\">\n<p>\u00ab Merci Wendy d'avoir \u00e9t\u00e9 une si bonne prof et de nous avoir amen\u00e9s vers des endroits o\u00f9 nous ne pensions pas pouvoir aller. C'est vraiment une exp\u00e9rience g\u00e9niale!\u00a0\u00bb<\/p>\n<cite><strong>Michelle<\/strong><\/cite><\/blockquote>\n<\/div>\n\n\n\n<div class=\"wp-block-column is-vertically-aligned-stretch has-base-background-color has-background is-layout-flow wp-block-column-is-layout-flow\" style=\"flex-basis:100%\">\n<blockquote class=\"wp-block-quote is-layout-flow wp-block-quote-is-layout-flow\">\n<p>\u00ab Merci beaucoup pour ton aide. Tous tes conseils \u00e9taient d\u00e9cisifs \/ hyper importants ! \u00a0\u00bb<\/p>\n<cite><strong>Katherine \u2013 S\u00e9ance individuelle \/ art oratoire et confiance en soi<\/strong><\/cite><\/blockquote>\n\n\n\n<blockquote class=\"wp-block-quote is-layout-flow wp-block-quote-is-layout-flow\">\n<p>\u00ab Excellent cours, Wendy ! J'adore la fa\u00e7on dont les enfants travaillent ensemble. Ma fille adore. Elle a h\u00e2te d'y aller chaque semaine. \u00bb<\/p>\n<cite><strong>Maman de Mara - s\u00e9ances de groupe minis (4-7 ans) \u00e0 Pully<\/strong><\/cite><\/blockquote>\n\n\n\n<blockquote class=\"wp-block-quote is-layout-flow wp-block-quote-is-layout-flow\">\n<p>\u00ab J'adore faire partie de ce groupe et merci, Wendy, pour ton enthousiasme et le talent que tu partages avec nous. \u00bb<\/p>\n<cite><strong>Marianna <\/strong><\/cite><\/blockquote>\n\n\n\n<blockquote class=\"wp-block-quote is-layout-flow wp-block-quote-is-layout-flow\">\n<p>J'appr\u00e9cie vraiment l'environnement amical et s\u00fbr que vous avez cr\u00e9\u00e9 pour jouer avec des id\u00e9es. C'est tr\u00e8s sp\u00e9cial.<\/p>\n<cite><strong>Laura<\/strong><\/cite><\/blockquote>\n<\/div>\n<\/div>\n<\/div><\/div>\n\n\n\n<div class=\"wp-block-cover alignfull is-light has-contrast-color has-text-color wp-elements-fb8e02af7f38b03df6b9c450df8067e8\" style=\"border-bottom-color:#00373e;border-bottom-style:solid;border-bottom-width:3px;margin-top:0;margin-bottom:0;padding-top:80px;padding-bottom:160px;min-height:507px;aspect-ratio:unset;\"><span aria-hidden=\"true\" class=\"wp-block-cover__background has-base-background-color has-background-dim-0 has-background-dim\"><\/span><div class=\"wp-block-cover__inner-container has-global-padding is-layout-constrained wp-container-core-cover-is-layout-2713b508 wp-block-cover-is-layout-constrained\">\n<h2 class=\"wp-block-heading has-text-align-center has-contrast-color has-text-color\" style=\"margin-top:120px;font-size:clamp(38.682px, 2.418rem + ((1vw - 3.2px) * 3.786), 72px);font-style:normal;font-weight:400;line-height:1\">Nous pouvons vous aider\u202f!<\/h2>\n\n\n\n<p class=\"has-contrast-color has-text-color has-link-color wp-elements-65b033d98e134ff2bc115ab635b1c7aa\" style=\"margin-top:16px;font-size:clamp(15.747px, 0.984rem + ((1vw - 3.2px) * 0.938), 24px);font-style:normal;font-weight:300\">D\u00e9couvrir comment nos m\u00e9thodes d\u2019art dramatique peuvent lib\u00e9rer votre propre potentiel ou celui d\u2019une \u00e9quipe.<\/p>\n\n\n\n<div class=\"wp-block-buttons is-content-justification-center is-layout-flex wp-container-core-buttons-is-layout-444da731 wp-block-buttons-is-layout-flex\" style=\"margin-top:30px\">\n<div class=\"wp-block-button has-custom-font-size is-style-outline is-style-outline--2\" style=\"font-size:clamp(14px, 0.875rem + ((1vw - 3.2px) * 0.568), 19px);font-style:normal;font-weight:500\"><a class=\"wp-block-button__link has-base-2-color has-contrast-background-color has-text-color has-background has-border-color wp-element-button\" href=\"http:\/\/turnthepage.ch\/fr\/contact\/\" style=\"border-color:#fbd3b6;border-width:3px;border-radius:30px;padding-top:12px;padding-right:40px;padding-bottom:12px;padding-left:40px\">R\u00e9server un cours<\/a><\/div>\n<\/div>\n<\/div><\/div>","protected":false},"excerpt":{"rendered":"","protected":false},"author":2,"featured_media":0,"parent":0,"menu_order":0,"comment_status":"closed","ping_status":"closed","template":"","meta":{"footnotes":""},"class_list":["post-31","page","type-page","status-publish","hentry"],"_links":{"self":[{"href":"https:\/\/turnthepage.ch\/fr\/wp-json\/wp\/v2\/pages\/31","targetHints":{"allow":["GET"]}}],"collection":[{"href":"https:\/\/turnthepage.ch\/fr\/wp-json\/wp\/v2\/pages"}],"about":[{"href":"https:\/\/turnthepage.ch\/fr\/wp-json\/wp\/v2\/types\/page"}],"author":[{"embeddable":true,"href":"https:\/\/turnthepage.ch\/fr\/wp-json\/wp\/v2\/users\/2"}],"replies":[{"embeddable":true,"href":"https:\/\/turnthepage.ch\/fr\/wp-json\/wp\/v2\/comments?post=31"}],"version-history":[{"count":21,"href":"https:\/\/turnthepage.ch\/fr\/wp-json\/wp\/v2\/pages\/31\/revisions"}],"predecessor-version":[{"id":581,"href":"https:\/\/turnthepage.ch\/fr\/wp-json\/wp\/v2\/pages\/31\/revisions\/581"}],"wp:attachment":[{"href":"https:\/\/turnthepage.ch\/fr\/wp-json\/wp\/v2\/media?parent=31"}],"curies":[{"name":"wp","href":"https:\/\/api.w.org\/{rel}","templated":true}]}}